{"id":6738,"date":"2022-10-10T10:20:03","date_gmt":"2022-10-10T10:20:03","guid":{"rendered":"https:\/\/www.visitvalletrompia.it\/esperienze\/uncategorized\/da-memmo-alla-cima-dasdana\/"},"modified":"2023-03-02T13:30:54","modified_gmt":"2023-03-02T13:30:54","slug":"da-memmo-alla-cima-dasdana","status":"publish","type":"product","link":"https:\/\/www.visitvalletrompia.it\/en\/experiences\/activities\/sport-and-nature\/trekking-and-walks\/da-memmo-alla-cima-dasdana\/","title":{"rendered":"From Memmo to Cima Dasdana"},"content":{"rendered":"<p>The itinerary starts from a small road embellished by a characteristic water basin, which has its source in the piazza of Memmo. This paved road makes its way between the <strong>ancient structures<\/strong> of the village to reach the <strong>monumental chapel<\/strong>, recently restored by Gabriel Gatti, dedicated to the Madonna and Child, on which you can also admire the <strong>portraits of Santa Maria Goretti and San Antonio<\/strong> <strong>Abate<\/strong>.<\/p>\n<p>Proceeding towards the summit with the help of the arrows, more and more <strong>spectacular views <\/strong>open up, where you can stop and admire the many naturalistic elements, such as the wide basin furrowed by the <strong>Torgola torrent<\/strong>, whose water was fundamental to the mining history in Alta Valle Trompia. In addition to the naturalistic landscape, the trail is dotted with <strong>picturesque restored farmhouses<\/strong> that carry with them pieces of Brescian history. One of these is a very popular tourist destination: after the torrent mentioned above, on the left, is a building whose walls contain a plaque bearing the words \u201c<em>e che \u2026 gh\u2019\u00e8 l\u2019aria d\u00e8 montagna e i fiur e j \u2013 usil\u00ec, e \u2018l cor quand ch\u00e9 \u2018l scaragna \u00e9l v\u00e9 so ch\u00e9 a guar\u00ec<\/em>\u201d taken from a poem by the famous <strong>Brescian dialectal poet Angelo Canossi<\/strong>.<\/p>\n<p>This journey between history and nature is finally crowned by the Passo delle Sette Crocette at an altitude of 2041 metres, whose grassy expanse has an <strong>altar with overlapping flat stones surmounted by Seven Iron Crosses<\/strong>. For the sake of historical relevance, however, it should be specified that the origin of the name may not be linked to these crosses but rather to the fact that this place was once a <strong>crossroads<\/strong>.<\/p>\n<p>DATA<\/p>\n<p><em><u>Characteristics of the route<\/u><\/em>: Memmo (989 m) \u2013 Passo Sette Crocette (2041 m). The itinerary initially develops on an easy road, then on a mule track and finally on a well-marked path, first through the woods and then along the alpine pasture land.<\/p>\n<p><em><u>Altitude difference<\/u><\/em>: 1052 m.<\/p>\n<p><em><u>Interesting landscape features<\/u><\/em>: expansive views over Alta Val Trompia and Media-Alta Valle Camonica<\/p>\n<p><em><u>Interesting naturalistic features<\/u><\/em>: flora typical of alpine pastures and acid rocks.<\/p>\n<p><em><u>Recommended period<\/u><\/em>: from June to October, with the flowering at its peak in July.<\/p>\n<p><em><u>Duration<\/u><\/em>: ascent (3.15 hrs); descent (2.30 hrs).<\/p>\n<p><em><u>Clothing<\/u><\/em>: medium mountain clothing.<\/p>\n<p><em><u>Signs<\/u><\/em>: CAI Trail no. 343.<\/p>\n<p><em><u>Parking<\/u><\/em>: Piazza di Memmo.<\/p>\n","protected":false},"excerpt":{"rendered":"<p>The itinerary starts from a small road embellished by a characteristic water basin, which has its source in the piazza of Memmo. This paved road makes its way between the ancient structures of the village to reach the monumental chapel, recently restored by Gabriel Gatti, dedicated to the Madonna and Child, on which you can also admire the portraits of  &#8230;<\/p>\n","protected":false},"featured_media":5229,"template":"","meta":{"_acf_changed":false},"product_brand":[],"product_cat":[109,112,130],"product_tag":[143],"class_list":{"0":"post-6738","1":"product","2":"type-product","3":"status-publish","4":"has-post-thumbnail","6":"product_cat-activities","7":"product_cat-sport-and-nature","8":"product_cat-trekking-and-walks","9":"product_tag-collio","11":"first","12":"instock","13":"shipping-taxable","14":"product-type-simple","15":"add-to-wishlist-before_image"},"acf":[],"_links":{"self":[{"href":"https:\/\/www.visitvalletrompia.it\/en\/wp-json\/wp\/v2\/product\/6738","targetHints":{"allow":["GET"]}}],"collection":[{"href":"https:\/\/www.visitvalletrompia.it\/en\/wp-json\/wp\/v2\/product"}],"about":[{"href":"https:\/\/www.visitvalletrompia.it\/en\/wp-json\/wp\/v2\/types\/product"}],"wp:featuredmedia":[{"embeddable":true,"href":"https:\/\/www.visitvalletrompia.it\/en\/wp-json\/wp\/v2\/media\/5229"}],"wp:attachment":[{"href":"https:\/\/www.visitvalletrompia.it\/en\/wp-json\/wp\/v2\/media?parent=6738"}],"wp:term":[{"taxonomy":"product_brand","embeddable":true,"href":"https:\/\/www.visitvalletrompia.it\/en\/wp-json\/wp\/v2\/product_brand?post=6738"},{"taxonomy":"product_cat","embeddable":true,"href":"https:\/\/www.visitvalletrompia.it\/en\/wp-json\/wp\/v2\/product_cat?post=6738"},{"taxonomy":"product_tag","embeddable":true,"href":"https:\/\/www.visitvalletrompia.it\/en\/wp-json\/wp\/v2\/product_tag?post=6738"}],"curies":[{"name":"wp","href":"https:\/\/api.w.org\/{rel}","templated":true}]}}